{"id":171,"date":"2016-10-30T12:40:41","date_gmt":"2016-10-30T12:40:41","guid":{"rendered":"https:\/\/oceanwp.org\/travel\/?page_id=171"},"modified":"2024-01-17T22:39:13","modified_gmt":"2024-01-17T21:39:13","slug":"home","status":"publish","type":"page","link":"https:\/\/chalets-capdenac.fr\/","title":{"rendered":"Home"},"content":{"rendered":"\t\t<div data-elementor-type=\"wp-page\" data-elementor-id=\"171\" class=\"elementor elementor-171\">\n\t\t\t\t\t\t<div class=\"elementor-inner\">\n\t\t\t\t<div class=\"elementor-section-wrap\">\n\t\t\t\t\t\t\t\t\t<section class=\"elementor-section elementor-top-section elementor-element elementor-element-xzv1c7c elementor-section-boxed elementor-section-height-default elementor-section-height-default\" data-id=\"xzv1c7c\" data-element_type=\"section\" data-settings=\"{&quot;background_background&quot;:&quot;classic&quot;}\">\n\t\t\t\t\t\t<div class=\"elementor-container elementor-column-gap-default\">\n\t\t\t\t\t\t\t<div class=\"elementor-row\">\n\t\t\t\t\t<div class=\"elementor-column elementor-col-50 elementor-top-column elementor-element elementor-element-1m6w5cw\" data-id=\"1m6w5cw\" data-element_type=\"column\" data-settings=\"{&quot;background_background&quot;:&quot;classic&quot;}\">\n\t\t\t<div class=\"elementor-column-wrap elementor-element-populated\">\n\t\t\t\t\t\t\t<div class=\"elementor-widget-wrap\">\n\t\t\t\t\t\t<div class=\"elementor-element elementor-element-e5psqw1 elementor-widget elementor-widget-heading\" data-id=\"e5psqw1\" data-element_type=\"widget\" data-widget_type=\"heading.default\">\n\t\t\t\t<div class=\"elementor-widget-container\">\n\t\t\t<h2 class=\"elementor-heading-title elementor-size-small\">En Occitanie, Au c\u0153ur de la vall\u00e9e du Lot, entre Lot et Aveyron<\/h2>\t\t<\/div>\n\t\t\t\t<\/div>\n\t\t\t\t<div class=\"elementor-element elementor-element-12ayfq6 elementor-widget elementor-widget-text-editor\" data-id=\"12ayfq6\" data-element_type=\"widget\" data-widget_type=\"text-editor.default\">\n\t\t\t\t<div class=\"elementor-widget-container\">\n\t\t\t\t\t\t\t\t<div class=\"elementor-text-editor elementor-clearfix\">\n\t\t\t\t<p>Situ\u00e9 dans le petit village de Saint Julien d&rsquo;Empare \u00e0 1 km de\u00a0 Capdenac Gare (Aveyron) et 8 km de Figeac (Lot) , nous mettons a votre disposition 5 chalets pour vos vacances au centre d&rsquo;une region riches en sites touristiques<\/p>\t\t\t\t\t<\/div>\n\t\t\t\t\t\t<\/div>\n\t\t\t\t<\/div>\n\t\t\t\t<div class=\"elementor-element elementor-element-gydt3kn elementor-widget elementor-widget-button\" data-id=\"gydt3kn\" data-element_type=\"widget\" data-widget_type=\"button.default\">\n\t\t\t\t<div class=\"elementor-widget-container\">\n\t\t\t\t\t<div class=\"elementor-button-wrapper\">\n\t\t\t<a href=\"https:\/\/www.diege.com\/location-chalets-vallee-du-lot-figeac-capdenac\/\" target=\"_blank\" class=\"elementor-button-link elementor-button elementor-size-sm broken_link\" role=\"button\">\n\t\t\t\t\t\t<span class=\"elementor-button-content-wrapper\">\n\t\t\t\t\t\t\t<span class=\"elementor-button-icon elementor-align-icon-right\">\n\t\t\t\t<i aria-hidden=\"true\" class=\"fas fa-angle-right\"><\/i>\t\t\t<\/span>\n\t\t\t\t\t\t<span class=\"elementor-button-text\">EN SAVOIR PLUS<\/span>\n\t\t<\/span>\n\t\t\t\t\t<\/a>\n\t\t<\/div>\n\t\t\t\t<\/div>\n\t\t\t\t<\/div>\n\t\t\t\t\t\t<\/div>\n\t\t\t\t\t<\/div>\n\t\t<\/div>\n\t\t\t\t<div class=\"elementor-column elementor-col-50 elementor-top-column elementor-element elementor-element-5pbrfdr\" data-id=\"5pbrfdr\" data-element_type=\"column\">\n\t\t\t<div class=\"elementor-column-wrap\">\n\t\t\t\t\t\t\t<div class=\"elementor-widget-wrap\">\n\t\t\t\t\t\t\t\t<\/div>\n\t\t\t\t\t<\/div>\n\t\t<\/div>\n\t\t\t\t\t\t\t\t<\/div>\n\t\t\t\t\t<\/div>\n\t\t<\/section>\n\t\t\t\t<section class=\"elementor-section elementor-top-section elementor-element elementor-element-khuimsb elementor-section-boxed elementor-section-height-default elementor-section-height-default\" data-id=\"khuimsb\" data-element_type=\"section\">\n\t\t\t\t\t\t<div class=\"elementor-container elementor-column-gap-default\">\n\t\t\t\t\t\t\t<div class=\"elementor-row\">\n\t\t\t\t\t<div class=\"elementor-column elementor-col-33 elementor-top-column elementor-element elementor-element-l6244pq\" data-id=\"l6244pq\" data-element_type=\"column\" data-settings=\"{&quot;background_background&quot;:&quot;classic&quot;}\">\n\t\t\t<div class=\"elementor-column-wrap elementor-element-populated\">\n\t\t\t\t\t\t\t<div class=\"elementor-widget-wrap\">\n\t\t\t\t\t\t<div class=\"elementor-element elementor-element-hya40b9 elementor-view-default elementor-vertical-align-top elementor-widget elementor-widget-icon-box\" data-id=\"hya40b9\" data-element_type=\"widget\" data-widget_type=\"icon-box.default\">\n\t\t\t\t<div class=\"elementor-widget-container\">\n\t\t\t\t\t<div class=\"elementor-icon-box-wrapper\">\n\t\t\t\t\t\t<div class=\"elementor-icon-box-icon\">\n\t\t\t\t<a class=\"elementor-icon elementor-animation- broken_link\" href=\"https:\/\/www.diege.com\" target=\"_blank\">\n\t\t\t\t\t\t\t\t<\/a>\n\t\t\t<\/div>\n\t\t\t\t\t\t<div class=\"elementor-icon-box-content\">\n\t\t\t\t<h3 class=\"elementor-icon-box-title\">\n\t\t\t\t\t<a href=\"https:\/\/www.diege.com\" target=\"_blank\" class=\"broken_link\">\n\t\t\t\t\t\tAUBERGE DE LA DIEGE \t\t\t\t\t<\/a>\n\t\t\t\t<\/h3>\n\t\t\t\t\t\t\t\t\t<p class=\"elementor-icon-box-description\">\n\t\t\t\t\t\tLogis\t\t\t\t\t<\/p>\n\t\t\t\t\t\t\t<\/div>\n\t\t<\/div>\n\t\t\t\t<\/div>\n\t\t\t\t<\/div>\n\t\t\t\t\t\t<\/div>\n\t\t\t\t\t<\/div>\n\t\t<\/div>\n\t\t\t\t<div class=\"elementor-column elementor-col-33 elementor-top-column elementor-element elementor-element-vg807qt\" data-id=\"vg807qt\" data-element_type=\"column\">\n\t\t\t<div class=\"elementor-column-wrap elementor-element-populated\">\n\t\t\t\t\t\t\t<div class=\"elementor-widget-wrap\">\n\t\t\t\t\t\t<div class=\"elementor-element elementor-element-0gzniqz elementor-view-stacked elementor-shape-circle elementor-mobile-position-top elementor-vertical-align-top elementor-widget elementor-widget-icon-box\" data-id=\"0gzniqz\" data-element_type=\"widget\" data-widget_type=\"icon-box.default\">\n\t\t\t\t<div class=\"elementor-widget-container\">\n\t\t\t\t\t<div class=\"elementor-icon-box-wrapper\">\n\t\t\t\t\t\t<div class=\"elementor-icon-box-icon\">\n\t\t\t\t<a class=\"elementor-icon elementor-animation-\" href=\"https:\/\/chalets-capdenac.fr\/wp-content\/uploads\/2020\/02\/Contrat-Chalet.pdf\" target=\"_blank\">\n\t\t\t\t<i aria-hidden=\"true\" class=\"fas fa-book\"><\/i>\t\t\t\t<\/a>\n\t\t\t<\/div>\n\t\t\t\t\t\t<div class=\"elementor-icon-box-content\">\n\t\t\t\t<h3 class=\"elementor-icon-box-title\">\n\t\t\t\t\t<a href=\"https:\/\/chalets-capdenac.fr\/wp-content\/uploads\/2020\/02\/Contrat-Chalet.pdf\" target=\"_blank\" >\n\t\t\t\t\t\tNOTRE MODELE DE CONTRAT\t\t\t\t\t<\/a>\n\t\t\t\t<\/h3>\n\t\t\t\t\t\t\t<\/div>\n\t\t<\/div>\n\t\t\t\t<\/div>\n\t\t\t\t<\/div>\n\t\t\t\t\t\t<\/div>\n\t\t\t\t\t<\/div>\n\t\t<\/div>\n\t\t\t\t<div class=\"elementor-column elementor-col-33 elementor-top-column elementor-element elementor-element-nfzubc8\" data-id=\"nfzubc8\" data-element_type=\"column\" data-settings=\"{&quot;background_background&quot;:&quot;classic&quot;}\">\n\t\t\t<div class=\"elementor-column-wrap elementor-element-populated\">\n\t\t\t\t\t\t\t<div class=\"elementor-widget-wrap\">\n\t\t\t\t\t\t<div class=\"elementor-element elementor-element-bs91u1d elementor-view-default elementor-vertical-align-top elementor-widget elementor-widget-icon-box\" data-id=\"bs91u1d\" data-element_type=\"widget\" data-widget_type=\"icon-box.default\">\n\t\t\t\t<div class=\"elementor-widget-container\">\n\t\t\t\t\t<div class=\"elementor-icon-box-wrapper\">\n\t\t\t\t\t\t<div class=\"elementor-icon-box-icon\">\n\t\t\t\t<a class=\"elementor-icon elementor-animation-\" href=\"http:\/\/valleedulot.free.fr\" target=\"_blank\">\n\t\t\t\t\t\t\t\t<\/a>\n\t\t\t<\/div>\n\t\t\t\t\t\t<div class=\"elementor-icon-box-content\">\n\t\t\t\t<h3 class=\"elementor-icon-box-title\">\n\t\t\t\t\t<a href=\"http:\/\/valleedulot.free.fr\" target=\"_blank\" >\n\t\t\t\t\t\tLA VALLEE DU LOT\t\t\t\t\t<\/a>\n\t\t\t\t<\/h3>\n\t\t\t\t\t\t\t<\/div>\n\t\t<\/div>\n\t\t\t\t<\/div>\n\t\t\t\t<\/div>\n\t\t\t\t\t\t<\/div>\n\t\t\t\t\t<\/div>\n\t\t<\/div>\n\t\t\t\t\t\t\t\t<\/div>\n\t\t\t\t\t<\/div>\n\t\t<\/section>\n\t\t\t\t<section class=\"elementor-section elementor-top-section elementor-element elementor-element-60e3w3i elementor-section-full_width elementor-section-height-default elementor-section-height-default\" data-id=\"60e3w3i\" data-element_type=\"section\">\n\t\t\t\t\t\t<div class=\"elementor-container elementor-column-gap-default\">\n\t\t\t\t\t\t\t<div class=\"elementor-row\">\n\t\t\t\t\t<div class=\"elementor-column elementor-col-100 elementor-top-column elementor-element elementor-element-9b1g2rt\" data-id=\"9b1g2rt\" data-element_type=\"column\">\n\t\t\t<div class=\"elementor-column-wrap elementor-element-populated\">\n\t\t\t\t\t\t\t<div class=\"elementor-widget-wrap\">\n\t\t\t\t\t\t<div class=\"elementor-element elementor-element-tzdl3u2 elementor-align-center full-btn elementor-widget elementor-widget-button\" data-id=\"tzdl3u2\" data-element_type=\"widget\" data-widget_type=\"button.default\">\n\t\t\t\t<div class=\"elementor-widget-container\">\n\t\t\t\t\t<div class=\"elementor-button-wrapper\">\n\t\t\t<a href=\"#\" class=\"elementor-button-link elementor-button elementor-size-sm\" role=\"button\">\n\t\t\t\t\t\t<span class=\"elementor-button-content-wrapper\">\n\t\t\t\t\t\t<span class=\"elementor-button-text\"><\/span>\n\t\t<\/span>\n\t\t\t\t\t<\/a>\n\t\t<\/div>\n\t\t\t\t<\/div>\n\t\t\t\t<\/div>\n\t\t\t\t\t\t<\/div>\n\t\t\t\t\t<\/div>\n\t\t<\/div>\n\t\t\t\t\t\t\t\t<\/div>\n\t\t\t\t\t<\/div>\n\t\t<\/section>\n\t\t\t\t\t\t\t\t\t<\/div>\n\t\t\t<\/div>\n\t\t\t\t\t<\/div>\n\t\t","protected":false},"excerpt":{"rendered":"<p>En Occitanie, Au c\u0153ur de la vall\u00e9e du Lot, entre Lot et Aveyron Situ\u00e9 dans le petit village de Saint Julien d&rsquo;Empare \u00e0 1 km de\u00a0 Capdenac Gare (Aveyron) et 8 km de Figeac (Lot) , nous mettons a votre disposition 5 chalets pour vos vacances au centre d&rsquo;une region riches en sites touristiques EN [&hellip;]<\/p>\n","protected":false},"author":1,"featured_media":0,"parent":0,"menu_order":0,"comment_status":"closed","ping_status":"closed","template":"","meta":{"footnotes":""},"yoast_head":"<!-- This site is optimized with the Yoast SEO plugin v21.8 - https:\/\/yoast.com\/wordpress\/plugins\/seo\/ -->\n<title>Home - Chalets Capdenac Figeac<\/title>\n<meta name=\"robots\" content=\"index, follow, max-snippet:-1, max-image-preview:large, max-video-preview:-1\" \/>\n<link rel=\"canonical\" href=\"https:\/\/chalets-capdenac.fr\/\" \/>\n<meta property=\"og:locale\" content=\"fr_FR\" \/>\n<meta property=\"og:type\" content=\"article\" \/>\n<meta property=\"og:title\" content=\"Home - Chalets Capdenac Figeac\" \/>\n<meta property=\"og:description\" content=\"En Occitanie, Au c\u0153ur de la vall\u00e9e du Lot, entre Lot et Aveyron Situ\u00e9 dans le petit village de Saint Julien d&rsquo;Empare \u00e0 1 km de\u00a0 Capdenac Gare (Aveyron) et 8 km de Figeac (Lot) , nous mettons a votre disposition 5 chalets pour vos vacances au centre d&rsquo;une region riches en sites touristiques EN [&hellip;]\" \/>\n<meta property=\"og:url\" content=\"https:\/\/chalets-capdenac.fr\/\" \/>\n<meta property=\"og:site_name\" content=\"Chalets Capdenac Figeac\" \/>\n<meta property=\"article:modified_time\" content=\"2024-01-17T21:39:13+00:00\" \/>\n<meta name=\"twitter:card\" content=\"summary_large_image\" \/>\n<script type=\"application\/ld+json\" class=\"yoast-schema-graph\">{\"@context\":\"https:\/\/schema.org\",\"@graph\":[{\"@type\":\"WebPage\",\"@id\":\"https:\/\/chalets-capdenac.fr\/\",\"url\":\"https:\/\/chalets-capdenac.fr\/\",\"name\":\"Home - Chalets Capdenac Figeac\",\"isPartOf\":{\"@id\":\"https:\/\/chalets-capdenac.fr\/#website\"},\"datePublished\":\"2016-10-30T12:40:41+00:00\",\"dateModified\":\"2024-01-17T21:39:13+00:00\",\"breadcrumb\":{\"@id\":\"https:\/\/chalets-capdenac.fr\/#breadcrumb\"},\"inLanguage\":\"fr-FR\",\"potentialAction\":[{\"@type\":\"ReadAction\",\"target\":[\"https:\/\/chalets-capdenac.fr\/\"]}]},{\"@type\":\"BreadcrumbList\",\"@id\":\"https:\/\/chalets-capdenac.fr\/#breadcrumb\",\"itemListElement\":[{\"@type\":\"ListItem\",\"position\":1,\"name\":\"Accueil\",\"item\":\"https:\/\/chalets-capdenac.fr\/\"},{\"@type\":\"ListItem\",\"position\":2,\"name\":\"Home\"}]},{\"@type\":\"WebSite\",\"@id\":\"https:\/\/chalets-capdenac.fr\/#website\",\"url\":\"https:\/\/chalets-capdenac.fr\/\",\"name\":\"Chalets Capdenac Figeac\",\"description\":\"Votre s\u00e9jour en chalets\",\"publisher\":{\"@id\":\"https:\/\/chalets-capdenac.fr\/#organization\"},\"potentialAction\":[{\"@type\":\"SearchAction\",\"target\":{\"@type\":\"EntryPoint\",\"urlTemplate\":\"https:\/\/chalets-capdenac.fr\/?s={search_term_string}\"},\"query-input\":\"required name=search_term_string\"}],\"inLanguage\":\"fr-FR\"},{\"@type\":\"Organization\",\"@id\":\"https:\/\/chalets-capdenac.fr\/#organization\",\"name\":\"Chalets Capdenac Figeac\",\"url\":\"https:\/\/chalets-capdenac.fr\/\",\"logo\":{\"@type\":\"ImageObject\",\"inLanguage\":\"fr-FR\",\"@id\":\"https:\/\/chalets-capdenac.fr\/#\/schema\/logo\/image\/\",\"url\":\"https:\/\/chalets-capdenac.fr\/wp-content\/uploads\/2020\/02\/cropped-logo-chal.png\",\"contentUrl\":\"https:\/\/chalets-capdenac.fr\/wp-content\/uploads\/2020\/02\/cropped-logo-chal.png\",\"width\":248,\"height\":97,\"caption\":\"Chalets Capdenac Figeac\"},\"image\":{\"@id\":\"https:\/\/chalets-capdenac.fr\/#\/schema\/logo\/image\/\"}}]}<\/script>\n<!-- \/ Yoast SEO plugin. -->","yoast_head_json":{"title":"Home - Chalets Capdenac Figeac","robots":{"index":"index","follow":"follow","max-snippet":"max-snippet:-1","max-image-preview":"max-image-preview:large","max-video-preview":"max-video-preview:-1"},"canonical":"https:\/\/chalets-capdenac.fr\/","og_locale":"fr_FR","og_type":"article","og_title":"Home - Chalets Capdenac Figeac","og_description":"En Occitanie, Au c\u0153ur de la vall\u00e9e du Lot, entre Lot et Aveyron Situ\u00e9 dans le petit village de Saint Julien d&rsquo;Empare \u00e0 1 km de\u00a0 Capdenac Gare (Aveyron) et 8 km de Figeac (Lot) , nous mettons a votre disposition 5 chalets pour vos vacances au centre d&rsquo;une region riches en sites touristiques EN [&hellip;]","og_url":"https:\/\/chalets-capdenac.fr\/","og_site_name":"Chalets Capdenac Figeac","article_modified_time":"2024-01-17T21:39:13+00:00","twitter_card":"summary_large_image","schema":{"@context":"https:\/\/schema.org","@graph":[{"@type":"WebPage","@id":"https:\/\/chalets-capdenac.fr\/","url":"https:\/\/chalets-capdenac.fr\/","name":"Home - Chalets Capdenac Figeac","isPartOf":{"@id":"https:\/\/chalets-capdenac.fr\/#website"},"datePublished":"2016-10-30T12:40:41+00:00","dateModified":"2024-01-17T21:39:13+00:00","breadcrumb":{"@id":"https:\/\/chalets-capdenac.fr\/#breadcrumb"},"inLanguage":"fr-FR","potentialAction":[{"@type":"ReadAction","target":["https:\/\/chalets-capdenac.fr\/"]}]},{"@type":"BreadcrumbList","@id":"https:\/\/chalets-capdenac.fr\/#breadcrumb","itemListElement":[{"@type":"ListItem","position":1,"name":"Accueil","item":"https:\/\/chalets-capdenac.fr\/"},{"@type":"ListItem","position":2,"name":"Home"}]},{"@type":"WebSite","@id":"https:\/\/chalets-capdenac.fr\/#website","url":"https:\/\/chalets-capdenac.fr\/","name":"Chalets Capdenac Figeac","description":"Votre s\u00e9jour en chalets","publisher":{"@id":"https:\/\/chalets-capdenac.fr\/#organization"},"potentialAction":[{"@type":"SearchAction","target":{"@type":"EntryPoint","urlTemplate":"https:\/\/chalets-capdenac.fr\/?s={search_term_string}"},"query-input":"required name=search_term_string"}],"inLanguage":"fr-FR"},{"@type":"Organization","@id":"https:\/\/chalets-capdenac.fr\/#organization","name":"Chalets Capdenac Figeac","url":"https:\/\/chalets-capdenac.fr\/","logo":{"@type":"ImageObject","inLanguage":"fr-FR","@id":"https:\/\/chalets-capdenac.fr\/#\/schema\/logo\/image\/","url":"https:\/\/chalets-capdenac.fr\/wp-content\/uploads\/2020\/02\/cropped-logo-chal.png","contentUrl":"https:\/\/chalets-capdenac.fr\/wp-content\/uploads\/2020\/02\/cropped-logo-chal.png","width":248,"height":97,"caption":"Chalets Capdenac Figeac"},"image":{"@id":"https:\/\/chalets-capdenac.fr\/#\/schema\/logo\/image\/"}}]}},"_links":{"self":[{"href":"https:\/\/chalets-capdenac.fr\/index.php\/wp-json\/wp\/v2\/pages\/171"}],"collection":[{"href":"https:\/\/chalets-capdenac.fr\/index.php\/wp-json\/wp\/v2\/pages"}],"about":[{"href":"https:\/\/chalets-capdenac.fr\/index.php\/wp-json\/wp\/v2\/types\/page"}],"author":[{"embeddable":true,"href":"https:\/\/chalets-capdenac.fr\/index.php\/wp-json\/wp\/v2\/users\/1"}],"replies":[{"embeddable":true,"href":"https:\/\/chalets-capdenac.fr\/index.php\/wp-json\/wp\/v2\/comments?post=171"}],"version-history":[{"count":40,"href":"https:\/\/chalets-capdenac.fr\/index.php\/wp-json\/wp\/v2\/pages\/171\/revisions"}],"predecessor-version":[{"id":498,"href":"https:\/\/chalets-capdenac.fr\/index.php\/wp-json\/wp\/v2\/pages\/171\/revisions\/498"}],"wp:attachment":[{"href":"https:\/\/chalets-capdenac.fr\/index.php\/wp-json\/wp\/v2\/media?parent=171"}],"curies":[{"name":"wp","href":"https:\/\/api.w.org\/{rel}","templated":true}]}}